{"id":57,"date":"2023-12-08T10:01:26","date_gmt":"2023-12-08T10:01:26","guid":{"rendered":"http:\/\/new.sukcessrokowo.pl\/?page_id=57"},"modified":"2023-12-08T10:01:26","modified_gmt":"2023-12-08T10:01:26","slug":"zarzad","status":"publish","type":"page","link":"http:\/\/sukcessrokowo.pl\/?page_id=57","title":{"rendered":"Zarz\u0105d"},"content":{"rendered":"\n<h3 class=\"wp-block-heading\">Zarz\u0105d Srokowskiego Stowarzyszenia \u201eSukces Ka\u017cdego Dziecka\u201d<br><br>Janusz Januszewski<br>Milena Miernik Po\u0142ubi\u0144ska&nbsp;&nbsp;&nbsp;&nbsp;&nbsp;&nbsp;&nbsp;&nbsp; &nbsp;<br>Ma\u0142gorzata Cwalina&nbsp;&nbsp;&nbsp; &nbsp;<br>Regina Wieczorek<br>Edmund Kurowski<\/h3>\n","protected":false},"excerpt":{"rendered":"<p>Zarz\u0105d Srokowskiego Stowarzyszenia \u201eSukces Ka\u017cdego Dziecka\u201d Janusz JanuszewskiMilena Miernik Po\u0142ubi\u0144ska&nbsp;&nbsp;&nbsp;&nbsp;&nbsp;&nbsp;&nbsp;&nbsp; &nbsp;Ma\u0142gorzata Cwalina&nbsp;&nbsp;&nbsp; &nbsp;Regina WieczorekEdmund Kurowski<\/p>\n","protected":false},"author":1,"featured_media":0,"parent":0,"menu_order":0,"comment_status":"closed","ping_status":"closed","template":"","meta":{"footnotes":""},"class_list":["post-57","page","type-page","status-publish","hentry"],"_links":{"self":[{"href":"http:\/\/sukcessrokowo.pl\/index.php?rest_route=\/wp\/v2\/pages\/57","targetHints":{"allow":["GET"]}}],"collection":[{"href":"http:\/\/sukcessrokowo.pl\/index.php?rest_route=\/wp\/v2\/pages"}],"about":[{"href":"http:\/\/sukcessrokowo.pl\/index.php?rest_route=\/wp\/v2\/types\/page"}],"author":[{"embeddable":true,"href":"http:\/\/sukcessrokowo.pl\/index.php?rest_route=\/wp\/v2\/users\/1"}],"replies":[{"embeddable":true,"href":"http:\/\/sukcessrokowo.pl\/index.php?rest_route=%2Fwp%2Fv2%2Fcomments&post=57"}],"version-history":[{"count":1,"href":"http:\/\/sukcessrokowo.pl\/index.php?rest_route=\/wp\/v2\/pages\/57\/revisions"}],"predecessor-version":[{"id":59,"href":"http:\/\/sukcessrokowo.pl\/index.php?rest_route=\/wp\/v2\/pages\/57\/revisions\/59"}],"wp:attachment":[{"href":"http:\/\/sukcessrokowo.pl\/index.php?rest_route=%2Fwp%2Fv2%2Fmedia&parent=57"}],"curies":[{"name":"wp","href":"https:\/\/api.w.org\/{rel}","templated":true}]}}